{"id":899,"date":"2021-11-09T16:52:17","date_gmt":"2021-11-09T21:52:17","guid":{"rendered":"https:\/\/koreoutdoor.com\/specialiste-du-credit\/"},"modified":"2022-10-17T04:48:58","modified_gmt":"2022-10-17T08:48:58","slug":"specialiste-du-credit","status":"publish","type":"page","link":"https:\/\/koreoutdoor.com\/fr\/specialiste-du-credit\/","title":{"rendered":"Sp\u00e9cialiste du cr\u00e9dit"},"content":{"rendered":"[vc_row type=&#8221;in_container&#8221; full_screen_row_position=&#8221;middle&#8221; column_margin=&#8221;default&#8221; column_direction=&#8221;default&#8221; column_direction_tablet=&#8221;default&#8221; column_direction_phone=&#8221;default&#8221; scene_position=&#8221;center&#8221; text_color=&#8221;dark&#8221; text_align=&#8221;left&#8221; row_border_radius=&#8221;none&#8221; row_border_radius_applies=&#8221;bg&#8221; overlay_strength=&#8221;0.3&#8243; gradient_direction=&#8221;left_to_right&#8221; shape_divider_position=&#8221;bottom&#8221; bg_image_animation=&#8221;none&#8221;][vc_column column_padding=&#8221;no-extra-padding&#8221; column_padding_tablet=&#8221;inherit&#8221; column_padding_phone=&#8221;inherit&#8221; column_padding_position=&#8221;all&#8221; column_element_spacing=&#8221;default&#8221; background_color_opacity=&#8221;1&#8243; background_hover_color_opacity=&#8221;1&#8243; column_shadow=&#8221;none&#8221; column_border_radius=&#8221;none&#8221; column_link_target=&#8221;_self&#8221; gradient_direction=&#8221;left_to_right&#8221; overlay_strength=&#8221;0.3&#8243; width=&#8221;7\/12&#8243; tablet_width_inherit=&#8221;default&#8221; tablet_text_alignment=&#8221;default&#8221; phone_text_alignment=&#8221;default&#8221; bg_image_animation=&#8221;none&#8221; border_type=&#8221;simple&#8221; column_border_width=&#8221;none&#8221; column_border_color=&#8221;#c9c9c9&#8243; column_border_style=&#8221;dashed&#8221;][vc_column_text]<strong>Titre du poste :<\/strong> Sp\u00e9cialiste du cr\u00e9dit<\/p>\n<p><strong>D\u00e9partement :<\/strong> Finance<\/p>\n<p><strong>Lieu :<\/strong> Saint-Laurent<\/p>\n<p><strong>Statut : <\/strong>Temps plein &#8211; poste permanent<\/p>\n<p><strong>Salaire : <\/strong>A discuter<\/p>\n<p><strong>Description de l&#8217;entreprise<\/strong><\/p>\n<p>Le premier fabricant mondial de l&#8217;industrie du paintball, avec des produits con\u00e7us pour am\u00e9liorer le niveau de performance, la qualit\u00e9 et l&#8217;exp\u00e9rience de jeu globale. Nous sommes un environnement plein d&#8217;\u00e9nergie et au rythme rapide. Vous rejoindrez une \u00e9quipe de cr\u00e9dit passionn\u00e9e et internationale et vous serez charg\u00e9(e) de fournir un excellent service \u00e0 votre client\u00e8le tout en veillant \u00e0 ce que les objectifs en mati\u00e8re de revenus annuels soient atteints.<\/p>\n<p><strong>T\u00e2ches et responsabilit\u00e9s :<\/strong><\/p>\n<ul>\n<li>Traiter les transactions des comptes d\u00e9biteurs.<\/li>\n<li>Fournir un soutien aux audits internes et externes.<\/li>\n<li>Pr\u00e9parer les encaissements pour traitement et comptabiliser les d\u00e9p\u00f4ts des clients.<\/li>\n<li>Effectuer les rapprochements de comptes en temps voulu et de mani\u00e8re pr\u00e9cise.<\/li>\n<li>G\u00e9rer les efforts de recouvrement et les fonctions associ\u00e9es.<\/li>\n<li>G\u00e9rer les commandes en attente de cr\u00e9dit.<\/li>\n<li>Effectuer des examens de cr\u00e9dit sur les entreprises nouvelles et existantes.<\/li>\n<li>Effectuer des enqu\u00eates pour v\u00e9rifier l&#8217;identit\u00e9 des clients avant la recommandation de cr\u00e9dit.<\/li>\n<li>Se conformer aux r\u00e8glements, directives et politiques du d\u00e9partement.<\/li>\n<li>\u00c9mettre des cr\u00e9dits et des ajustements.<\/li>\n<li>Coordonner le soutien au cr\u00e9dit par le suivi des cotisations pass\u00e9es, documenter les exceptions.<\/li>\n<li>R\u00e9soudre les litiges relatifs aux comptes clients, rapprocher les comptes, enqu\u00eater sur les d\u00e9ductions et les r\u00e9trofacturations.<\/li>\n<li>Interagir avec les clients et \u00e9tablir une relation positive.<\/li>\n<li>Respecter les d\u00e9lais et hi\u00e9rarchiser les t\u00e2ches en fonction de leur importance.<\/li>\n<li>Assister le superviseur du cr\u00e9dit dans diverses fonctions.<\/li>\n<li>Effectuer d&#8217;autres t\u00e2ches et projets sur demande.<\/li>\n<\/ul>\n<p><strong>Qualifications<\/strong><\/p>\n<ul>\n<li>Minimum de 2 \u00e0 5 ans d&#8217;exp\u00e9rience dans le domaine du cr\u00e9dit et du recouvrement.<\/li>\n<li>Certification de l&#8217;Institut canadien du cr\u00e9dit (ou en cours) &#8211; pr\u00e9f\u00e9r\u00e9<\/li>\n<li>Ma\u00eetrise des applications Microsoft Office, en particulier de MS Excel (tableaux crois\u00e9s dynamiques, v-lookups).<\/li>\n<li>Ma\u00eetrise de l&#8217;anglais, y compris la lecture, l&#8217;oral et l&#8217;\u00e9crit.<\/li>\n<li>Exp\u00e9rience de l&#8217;examen des rapports de cr\u00e9dit &#8211; bonne compr\u00e9hension du cr\u00e9dit \u00e0 la consommation et connaissance de base du cr\u00e9dit consultatif.<\/li>\n<li>Connaissance de Dynamic Navision &#8211; un atout<\/li>\n<li>Connaissance des rapports des bureaux de cr\u00e9dit &#8211; un atout<\/li>\n<li>Connaissance de l&#8217;assurance-cr\u00e9dit &#8211; un atout<\/li>\n<li>Exp\u00e9rience de travail avec la client\u00e8le du march\u00e9 de masse &#8211; un atout<\/li>\n<\/ul>\n<p><strong>Consid\u00e9rations sur le COVID-19<\/strong><\/p>\n<p>Pour assurer la s\u00e9curit\u00e9 de nos employ\u00e9s, nous suivons toutes les directives \u00e9mises par la CNESST. Nous effectuons \u00e9galement des contr\u00f4les et des d\u00e9pistages quotidiens de COVID-19.<\/p>\n<ul>\n<li>Des masques sont n\u00e9cessaires.<\/li>\n<li>Des directives de distanciation sociale sont en place.<\/li>\n<li>Proc\u00e9dures d&#8217;assainissement, de d\u00e9sinfection ou de nettoyage en place.<\/li>\n<\/ul>\n<p><strong>Horaire de travail<\/strong><\/p>\n<p>Du lundi au vendredi. Regular work hours are 8:30 am to 5 pm. Ce r\u00f4le peut n\u00e9cessiter une certaine flexibilit\u00e9 avec une disponibilit\u00e9 en dehors des heures de travail normales pour lib\u00e9rer les commandes pour la c\u00f4te ouest, jusqu&#8217;\u00e0 18h30.[\/vc_column_text][\/vc_column][vc_column column_padding=&#8221;no-extra-padding&#8221; column_padding_tablet=&#8221;inherit&#8221; column_padding_phone=&#8221;inherit&#8221; column_padding_position=&#8221;all&#8221; column_element_spacing=&#8221;default&#8221; background_color_opacity=&#8221;1&#8243; background_hover_color_opacity=&#8221;1&#8243; column_shadow=&#8221;none&#8221; column_border_radius=&#8221;none&#8221; column_link_target=&#8221;_self&#8221; gradient_direction=&#8221;left_to_right&#8221; overlay_strength=&#8221;0.3&#8243; width=&#8221;1\/12&#8243; tablet_width_inherit=&#8221;default&#8221; tablet_text_alignment=&#8221;default&#8221; phone_text_alignment=&#8221;default&#8221; bg_image_animation=&#8221;none&#8221; border_type=&#8221;simple&#8221; column_border_width=&#8221;none&#8221; column_border_style=&#8221;solid&#8221;][\/vc_column][vc_column column_padding=&#8221;no-extra-padding&#8221; column_padding_tablet=&#8221;inherit&#8221; column_padding_phone=&#8221;inherit&#8221; column_padding_position=&#8221;all&#8221; column_element_spacing=&#8221;default&#8221; background_color_opacity=&#8221;1&#8243; background_hover_color_opacity=&#8221;1&#8243; column_shadow=&#8221;none&#8221; column_border_radius=&#8221;none&#8221; column_link_target=&#8221;_self&#8221; gradient_direction=&#8221;left_to_right&#8221; overlay_strength=&#8221;0.3&#8243; width=&#8221;4\/12&#8243; tablet_width_inherit=&#8221;default&#8221; tablet_text_alignment=&#8221;default&#8221; phone_text_alignment=&#8221;default&#8221; bg_image_animation=&#8221;none&#8221; border_type=&#8221;simple&#8221; column_border_width=&#8221;none&#8221; column_border_style=&#8221;solid&#8221;][nectar_btn size=&#8221;jumbo&#8221; button_style=&#8221;regular-tilt&#8221; button_color=&#8221;Accent-Color&#8221; color_override=&#8221;#d40000&#8243; icon_family=&#8221;none&#8221; text=&#8221;Postulez maintenant&#8221; url=&#8221;https:\/\/koreoutdoor.com\/job-application-credit-specialist-2\/&#8221; margin_right=&#8221;100&#8243;][nectar_btn size=&#8221;jumbo&#8221; button_style=&#8221;regular-tilt&#8221; button_color=&#8221;Accent-Color&#8221; color_override=&#8221;#266eeb&#8221; icon_family=&#8221;none&#8221; text=&#8221;Postulez avec Indeed&#8221; url=&#8221;https:\/\/ca.indeed.com\/job\/credit-specialist-c269339908d182af&#8221;][nectar_btn size=&#8221;jumbo&#8221; button_style=&#8221;regular-tilt&#8221; button_color=&#8221;Accent-Color&#8221; color_override=&#8221;#0084bf&#8221; icon_family=&#8221;none&#8221; text=&#8221;Postulez via LinkedIn&#8221; url=&#8221;https:\/\/www.linkedin.com\/jobs\/view\/2788858655\/?refId=DsVLx%2ByjKk5L7YcrDdFbSA%3D%3D&amp;trackingId=4rq6sfoNTCvg3tUeCtx6Gw%3D%3D&#8221;][\/vc_column][\/vc_row]\n","protected":false},"excerpt":{"rendered":"<p>[vc_row type=&#8221;in_container&#8221; full_screen_row_position=&#8221;middle&#8221; column_margin=&#8221;default&#8221; column_direction=&#8221;default&#8221; column_direction_tablet=&#8221;default&#8221; column_direction_phone=&#8221;default&#8221; scene_position=&#8221;center&#8221; text_color=&#8221;dark&#8221; text_align=&#8221;left&#8221; row_border_radius=&#8221;none&#8221; row_border_radius_applies=&#8221;bg&#8221; overlay_strength=&#8221;0.3&#8243; gradient_direction=&#8221;left_to_right&#8221; shape_divider_position=&#8221;bottom&#8221; bg_image_animation=&#8221;none&#8221;][vc_column column_padding=&#8221;no-extra-padding&#8221; column_padding_tablet=&#8221;inherit&#8221; column_padding_phone=&#8221;inherit&#8221; column_padding_position=&#8221;all&#8221; column_element_spacing=&#8221;default&#8221; background_color_opacity=&#8221;1&#8243; background_hover_color_opacity=&#8221;1&#8243; column_shadow=&#8221;none&#8221; column_border_radius=&#8221;none&#8221; column_link_target=&#8221;_self&#8221; gradient_direction=&#8221;left_to_right&#8221; overlay_strength=&#8221;0.3&#8243; width=&#8221;7\/12&#8243; tablet_width_inherit=&#8221;default&#8221;&#8230;<\/p>\n","protected":false},"author":10,"featured_media":0,"parent":0,"menu_order":0,"comment_status":"closed","ping_status":"closed","template":"","meta":{"footnotes":""},"class_list":["post-899","page","type-page","status-publish"],"yoast_head":"<!-- This site is optimized with the Yoast SEO plugin v27.0 - https:\/\/yoast.com\/product\/yoast-seo-wordpress\/ -->\n<title>Sp\u00e9cialiste du cr\u00e9dit - Kore Outdoor<\/title>\n<meta name=\"robots\" content=\"index, follow, max-snippet:-1, max-image-preview:large, max-video-preview:-1\" \/>\n<link rel=\"canonical\" href=\"https:\/\/koreoutdoor.com\/fr\/specialiste-du-credit\/\" \/>\n<meta property=\"og:locale\" content=\"fr_FR\" \/>\n<meta property=\"og:type\" content=\"article\" \/>\n<meta property=\"og:title\" content=\"Sp\u00e9cialiste du cr\u00e9dit - Kore Outdoor\" \/>\n<meta property=\"og:description\" content=\"[vc_row type=&#8221;in_container&#8221; full_screen_row_position=&#8221;middle&#8221; column_margin=&#8221;default&#8221; column_direction=&#8221;default&#8221; column_direction_tablet=&#8221;default&#8221; column_direction_phone=&#8221;default&#8221; scene_position=&#8221;center&#8221; text_color=&#8221;dark&#8221; text_align=&#8221;left&#8221; row_border_radius=&#8221;none&#8221; row_border_radius_applies=&#8221;bg&#8221; overlay_strength=&#8221;0.3&#8243; gradient_direction=&#8221;left_to_right&#8221; shape_divider_position=&#8221;bottom&#8221; bg_image_animation=&#8221;none&#8221;][vc_column column_padding=&#8221;no-extra-padding&#8221; column_padding_tablet=&#8221;inherit&#8221; column_padding_phone=&#8221;inherit&#8221; column_padding_position=&#8221;all&#8221; column_element_spacing=&#8221;default&#8221; background_color_opacity=&#8221;1&#8243; background_hover_color_opacity=&#8221;1&#8243; column_shadow=&#8221;none&#8221; column_border_radius=&#8221;none&#8221; column_link_target=&#8221;_self&#8221; gradient_direction=&#8221;left_to_right&#8221; overlay_strength=&#8221;0.3&#8243; width=&#8221;7\/12&#8243; tablet_width_inherit=&#8221;default&#8221;...\" \/>\n<meta property=\"og:url\" content=\"https:\/\/koreoutdoor.com\/fr\/specialiste-du-credit\/\" \/>\n<meta property=\"og:site_name\" content=\"Kore Outdoor\" \/>\n<meta property=\"article:modified_time\" content=\"2022-10-17T08:48:58+00:00\" \/>\n<meta name=\"twitter:card\" content=\"summary_large_image\" \/>\n<meta name=\"twitter:label1\" content=\"Dur\u00e9e de lecture estim\u00e9e\" \/>\n\t<meta name=\"twitter:data1\" content=\"5 minutes\" \/>\n<script type=\"application\/ld+json\" class=\"yoast-schema-graph\">{\"@context\":\"https:\/\/schema.org\",\"@graph\":[{\"@type\":\"WebPage\",\"@id\":\"https:\/\/koreoutdoor.com\/fr\/specialiste-du-credit\/\",\"url\":\"https:\/\/koreoutdoor.com\/fr\/specialiste-du-credit\/\",\"name\":\"Sp\u00e9cialiste du cr\u00e9dit - Kore Outdoor\",\"isPartOf\":{\"@id\":\"https:\/\/koreoutdoor.com\/fr\/#website\"},\"datePublished\":\"2021-11-09T21:52:17+00:00\",\"dateModified\":\"2022-10-17T08:48:58+00:00\",\"breadcrumb\":{\"@id\":\"https:\/\/koreoutdoor.com\/fr\/specialiste-du-credit\/#breadcrumb\"},\"inLanguage\":\"fr-FR\",\"potentialAction\":[{\"@type\":\"ReadAction\",\"target\":[\"https:\/\/koreoutdoor.com\/fr\/specialiste-du-credit\/\"]}]},{\"@type\":\"BreadcrumbList\",\"@id\":\"https:\/\/koreoutdoor.com\/fr\/specialiste-du-credit\/#breadcrumb\",\"itemListElement\":[{\"@type\":\"ListItem\",\"position\":1,\"name\":\"Home\",\"item\":\"https:\/\/koreoutdoor.com\/fr\/\"},{\"@type\":\"ListItem\",\"position\":2,\"name\":\"Sp\u00e9cialiste du cr\u00e9dit\"}]},{\"@type\":\"WebSite\",\"@id\":\"https:\/\/koreoutdoor.com\/fr\/#website\",\"url\":\"https:\/\/koreoutdoor.com\/fr\/\",\"name\":\"Kore Outdoor\",\"description\":\"Global Leader in manufacturing\",\"potentialAction\":[{\"@type\":\"SearchAction\",\"target\":{\"@type\":\"EntryPoint\",\"urlTemplate\":\"https:\/\/koreoutdoor.com\/fr\/?s={search_term_string}\"},\"query-input\":{\"@type\":\"PropertyValueSpecification\",\"valueRequired\":true,\"valueName\":\"search_term_string\"}}],\"inLanguage\":\"fr-FR\"}]}<\/script>\n<!-- \/ Yoast SEO plugin. -->","yoast_head_json":{"title":"Sp\u00e9cialiste du cr\u00e9dit - Kore Outdoor","robots":{"index":"index","follow":"follow","max-snippet":"max-snippet:-1","max-image-preview":"max-image-preview:large","max-video-preview":"max-video-preview:-1"},"canonical":"https:\/\/koreoutdoor.com\/fr\/specialiste-du-credit\/","og_locale":"fr_FR","og_type":"article","og_title":"Sp\u00e9cialiste du cr\u00e9dit - Kore Outdoor","og_description":"[vc_row type=&#8221;in_container&#8221; full_screen_row_position=&#8221;middle&#8221; column_margin=&#8221;default&#8221; column_direction=&#8221;default&#8221; column_direction_tablet=&#8221;default&#8221; column_direction_phone=&#8221;default&#8221; scene_position=&#8221;center&#8221; text_color=&#8221;dark&#8221; text_align=&#8221;left&#8221; row_border_radius=&#8221;none&#8221; row_border_radius_applies=&#8221;bg&#8221; overlay_strength=&#8221;0.3&#8243; gradient_direction=&#8221;left_to_right&#8221; shape_divider_position=&#8221;bottom&#8221; bg_image_animation=&#8221;none&#8221;][vc_column column_padding=&#8221;no-extra-padding&#8221; column_padding_tablet=&#8221;inherit&#8221; column_padding_phone=&#8221;inherit&#8221; column_padding_position=&#8221;all&#8221; column_element_spacing=&#8221;default&#8221; background_color_opacity=&#8221;1&#8243; background_hover_color_opacity=&#8221;1&#8243; column_shadow=&#8221;none&#8221; column_border_radius=&#8221;none&#8221; column_link_target=&#8221;_self&#8221; gradient_direction=&#8221;left_to_right&#8221; overlay_strength=&#8221;0.3&#8243; width=&#8221;7\/12&#8243; tablet_width_inherit=&#8221;default&#8221;...","og_url":"https:\/\/koreoutdoor.com\/fr\/specialiste-du-credit\/","og_site_name":"Kore Outdoor","article_modified_time":"2022-10-17T08:48:58+00:00","twitter_card":"summary_large_image","twitter_misc":{"Dur\u00e9e de lecture estim\u00e9e":"5 minutes"},"schema":{"@context":"https:\/\/schema.org","@graph":[{"@type":"WebPage","@id":"https:\/\/koreoutdoor.com\/fr\/specialiste-du-credit\/","url":"https:\/\/koreoutdoor.com\/fr\/specialiste-du-credit\/","name":"Sp\u00e9cialiste du cr\u00e9dit - Kore Outdoor","isPartOf":{"@id":"https:\/\/koreoutdoor.com\/fr\/#website"},"datePublished":"2021-11-09T21:52:17+00:00","dateModified":"2022-10-17T08:48:58+00:00","breadcrumb":{"@id":"https:\/\/koreoutdoor.com\/fr\/specialiste-du-credit\/#breadcrumb"},"inLanguage":"fr-FR","potentialAction":[{"@type":"ReadAction","target":["https:\/\/koreoutdoor.com\/fr\/specialiste-du-credit\/"]}]},{"@type":"BreadcrumbList","@id":"https:\/\/koreoutdoor.com\/fr\/specialiste-du-credit\/#breadcrumb","itemListElement":[{"@type":"ListItem","position":1,"name":"Home","item":"https:\/\/koreoutdoor.com\/fr\/"},{"@type":"ListItem","position":2,"name":"Sp\u00e9cialiste du cr\u00e9dit"}]},{"@type":"WebSite","@id":"https:\/\/koreoutdoor.com\/fr\/#website","url":"https:\/\/koreoutdoor.com\/fr\/","name":"Kore Outdoor","description":"Global Leader in manufacturing","potentialAction":[{"@type":"SearchAction","target":{"@type":"EntryPoint","urlTemplate":"https:\/\/koreoutdoor.com\/fr\/?s={search_term_string}"},"query-input":{"@type":"PropertyValueSpecification","valueRequired":true,"valueName":"search_term_string"}}],"inLanguage":"fr-FR"}]}},"_links":{"self":[{"href":"https:\/\/koreoutdoor.com\/fr\/wp-json\/wp\/v2\/pages\/899","targetHints":{"allow":["GET"]}}],"collection":[{"href":"https:\/\/koreoutdoor.com\/fr\/wp-json\/wp\/v2\/pages"}],"about":[{"href":"https:\/\/koreoutdoor.com\/fr\/wp-json\/wp\/v2\/types\/page"}],"author":[{"embeddable":true,"href":"https:\/\/koreoutdoor.com\/fr\/wp-json\/wp\/v2\/users\/10"}],"replies":[{"embeddable":true,"href":"https:\/\/koreoutdoor.com\/fr\/wp-json\/wp\/v2\/comments?post=899"}],"version-history":[{"count":0,"href":"https:\/\/koreoutdoor.com\/fr\/wp-json\/wp\/v2\/pages\/899\/revisions"}],"wp:attachment":[{"href":"https:\/\/koreoutdoor.com\/fr\/wp-json\/wp\/v2\/media?parent=899"}],"curies":[{"name":"wp","href":"https:\/\/api.w.org\/{rel}","templated":true}]}}