{"id":909,"date":"2021-09-15T15:19:17","date_gmt":"2021-09-15T19:19:17","guid":{"rendered":"https:\/\/koreoutdoor.com\/ouvrier-dentrepot-general\/"},"modified":"2023-08-21T16:04:08","modified_gmt":"2023-08-21T20:04:08","slug":"ouvrier-dentrepot-general","status":"publish","type":"page","link":"https:\/\/koreoutdoor.com\/fr\/ouvrier-dentrepot-general\/","title":{"rendered":"Pr\u00e9pos\u00e9 \u00e0 la Fabrication &#8211; Usine de Fabrication"},"content":{"rendered":"[vc_row type=&#8221;in_container&#8221; full_screen_row_position=&#8221;middle&#8221; column_margin=&#8221;default&#8221; column_direction=&#8221;default&#8221; column_direction_tablet=&#8221;default&#8221; column_direction_phone=&#8221;column_reverse&#8221; scene_position=&#8221;center&#8221; text_color=&#8221;dark&#8221; text_align=&#8221;left&#8221; row_border_radius=&#8221;none&#8221; row_border_radius_applies=&#8221;bg&#8221; overflow=&#8221;visible&#8221; overlay_strength=&#8221;0.3&#8243; gradient_direction=&#8221;left_to_right&#8221; shape_divider_position=&#8221;bottom&#8221; bg_image_animation=&#8221;none&#8221; shape_type=&#8221;&#8221;][vc_column column_padding=&#8221;no-extra-padding&#8221; column_padding_tablet=&#8221;inherit&#8221; column_padding_phone=&#8221;inherit&#8221; column_padding_position=&#8221;all&#8221; column_element_direction_desktop=&#8221;default&#8221; column_element_spacing=&#8221;default&#8221; desktop_text_alignment=&#8221;default&#8221; tablet_text_alignment=&#8221;default&#8221; phone_text_alignment=&#8221;default&#8221; background_color_opacity=&#8221;1&#8243; background_hover_color_opacity=&#8221;1&#8243; column_backdrop_filter=&#8221;none&#8221; column_shadow=&#8221;none&#8221; column_border_radius=&#8221;none&#8221; column_link_target=&#8221;_self&#8221; column_position=&#8221;default&#8221; gradient_direction=&#8221;left_to_right&#8221; overlay_strength=&#8221;0.3&#8243; width=&#8221;7\/12&#8243; tablet_width_inherit=&#8221;default&#8221; animation_type=&#8221;default&#8221; bg_image_animation=&#8221;none&#8221; border_type=&#8221;simple&#8221; column_border_width=&#8221;none&#8221; column_border_color=&#8221;#c9c9c9&#8243; column_border_style=&#8221;dashed&#8221;][vc_column_text]<strong>En quoi consiste le poste de Pr\u00e9pos\u00e9 \u00e0 la Fabrication?<\/strong><\/p>\n<p>Vous ferez partie d&#8217;une \u00e9quipe essentielle dans la production de nos balles de paintball! Le Pr\u00e9pos\u00e9 \u00e0 la Fabrication pr\u00e9parera les lots de g\u00e9latine et les lots de peinture de remplissage des balles conform\u00e9ment \u00e0 la documentation des lots. Il suivra les formules et les proc\u00e9dures pour la pr\u00e9paration de la g\u00e9latine, de la peinture et des autres m\u00e9langes.<\/p>\n<p><strong>Les autres t\u00e2ches comprennent : <\/strong><\/p>\n<ul>\n<li>Manipuler le R\u00e9acteur \u00e0 g\u00e9latine.<\/li>\n<li>Manipuler le m\u00e9langeur ysteral.<\/li>\n<li>Manipuler le r\u00e9acteur \u00e0 peinture.<\/li>\n<li>Participer au besoin aux activit\u00e9s de broyage et de d\u00e9chiquetage des filets de g\u00e9latine, y compris le transfert de la g\u00e9latine dans le r\u00e9acteur.<\/li>\n<li>Aider au nettoyage des cuves de transfert de g\u00e9latine, des cuves de peinture et de l&#8217;\u00e9quipement de soutien, selon les besoins.<\/li>\n<li>Assurer la propret\u00e9 de l&#8217;\u00e9quipement, celle de l\u2019aire de travail, du d\u00e9partement et de l\u2019ensemble de l\u2019\u00e9tablissement.<\/li>\n<li>Utiliser le transpalette manuel, \u00e9lectrique et le gerbeur \u00e0 contrepoids pour d\u00e9placer le mat\u00e9riel lourd tels que des bacs ou des cages.<\/li>\n<li><strong>Soulever des charges lourdes de 25 \u00e0 50 livres ou pousser de grandes cuves \u00e0 l&#8217;aide d&#8217;un gabarit \u00e9lectrique ou manuel. <\/strong><\/li>\n<\/ul>\n<p><strong>Pourquoi aimeriez-vous travailler chez Kore Outdoor : <\/strong><\/p>\n<ul>\n<li><strong>Salaire et avantages sociaux<\/strong> : Gagnez un salaire et des avantages sociaux concurrentiels en faisant partie de l&#8217;\u00e9quipe de Kore Outdoor !<\/li>\n<li><strong>Environnement ax\u00e9 sur le travail d&#8217;\u00e9quipe<\/strong>: Le travail est beaucoup plus int\u00e9ressant lorsque vous faites partie d&#8217;une \u00e9quipe avec des gens formidables!<\/li>\n<li><strong>Cheminement de carri\u00e8re<\/strong> : Plusieurs de nos postes de premier \u00e9chelon offrent une voie claire vers des postes de direction dans le domaine de la Production, des Op\u00e9rations, de la Maintenance et autres. Voyez o\u00f9 votre aventure Kore Outdoor peut vous mener !<\/li>\n<\/ul>\n<p><strong>Informations sur les quarts de travail :<\/strong><\/p>\n<p>Le poste Pr\u00e9pos\u00e9 \u00e0 la fabrication comprend des quarts de travail de 12 heures, 3 et 4 jours par semaine.<\/p>\n<p>Nous avons \u00e9galement des horaires de jour et de nuit (incluant des primes pour les nuits).<\/p>\n<p>Pause repas + 2 pauses pay\u00e9es.<strong>\u00a0<\/strong><\/p>\n<p><strong>De quoi a l\u2019air l&#8217;int\u00e9rieur de l\u2019Usine de Production: <\/strong><\/p>\n<ul>\n<li>Nous pla\u00e7ons la s\u00e9curit\u00e9 des employ\u00e9s au premier plan. Vous devrez porter des chaussures de s\u00e9curit\u00e9 et tout autre EPI pertinent.<\/li>\n<li>Le code vestimentaire est d\u00e9contract\u00e9 et Kore Outdoor vous offre des v\u00eatements de travail au cours de votre premi\u00e8re semaine.<\/li>\n<li>Vous travaillerez dans un tel milieu o\u00f9 vous manipulerez les machines, qui cr\u00e9ent les deux principaux composants des balles de paintball.<\/li>\n<li>Vous serez actif pendant toute la dur\u00e9e de votre quart de travail. Votre t\u00e2che n\u00e9cessitera de demeurer au m\u00eame endroit dans la salle des machines et \u00e0 manipuler des machines pendant de longues heures en position debout.<\/li>\n<\/ul>\n<p><strong>Il vous sera \u00e9galement demand\u00e9 : <\/strong><\/p>\n<ul>\n<li>De travailler avec un minimum de supervision<\/li>\n<li>D\u2019\u00eatre polyvalent et savoir g\u00e9rer les priorit\u00e9s<\/li>\n<li>D\u2019avoir l\u2019habilet\u00e9 de g\u00e9rer son temps<\/li>\n<li>De travailler en position debout pendant 12 heures<\/li>\n<li><strong>Vous devrez : <\/strong><\/li>\n<li>\u00catre en bonne condition physique &#8211; soulever des objets lourds \u00e0 l&#8217;occasion<\/li>\n<li>Se tenir debout\/se d\u00e9placer pendant de longues p\u00e9riodes de temps, 12 heures<\/li>\n<\/ul>\n<p><strong>Avantages sociaux:<\/strong><\/p>\n<p>En plus de cr\u00e9er des produits impressionnants avec des gens formidables, Kore Outdoor offre des avantages sociaux comp\u00e9titifs qui soutiennent les employ\u00e9s et leurs familles.<\/p>\n<ul>\n<li>Augmentations li\u00e9es au rendement au cours de la premi\u00e8re ann\u00e9e d&#8217;emploi<\/li>\n<li><strong>Prime<\/strong> d&#8217;assiduit\u00e9<\/li>\n<li><strong> Prime<\/strong> de de r\u00e9f\u00e9rencement<\/li>\n<li>Assurance maladie compl\u00e9mentaire, dentaire et assurance vie<\/li>\n<li>Programme enregistr\u00e9 d&#8217;\u00e9pargne-retraite (REER)<\/li>\n<li>Programme d&#8217;assistance aux employ\u00e9s<\/li>\n<li>Programme de participation aux b\u00e9n\u00e9fices<\/li>\n<li>Cong\u00e9 pay\u00e9<\/li>\n<li>Tenue d\u00e9contract\u00e9e<\/li>\n<li>Stationnement sur place<\/li>\n<\/ul>\n[\/vc_column_text][\/vc_column][vc_column column_padding=&#8221;no-extra-padding&#8221; column_padding_tablet=&#8221;inherit&#8221; column_padding_phone=&#8221;inherit&#8221; column_padding_position=&#8221;all&#8221; column_element_direction_desktop=&#8221;default&#8221; column_element_spacing=&#8221;default&#8221; desktop_text_alignment=&#8221;default&#8221; tablet_text_alignment=&#8221;default&#8221; phone_text_alignment=&#8221;default&#8221; background_color_opacity=&#8221;1&#8243; background_hover_color_opacity=&#8221;1&#8243; column_backdrop_filter=&#8221;none&#8221; column_shadow=&#8221;none&#8221; column_border_radius=&#8221;none&#8221; column_link_target=&#8221;_self&#8221; column_position=&#8221;default&#8221; gradient_direction=&#8221;left_to_right&#8221; overlay_strength=&#8221;0.3&#8243; width=&#8221;1\/12&#8243; tablet_width_inherit=&#8221;default&#8221; animation_type=&#8221;default&#8221; bg_image_animation=&#8221;none&#8221; border_type=&#8221;simple&#8221; column_border_width=&#8221;none&#8221; column_border_style=&#8221;solid&#8221;][\/vc_column][vc_column column_padding=&#8221;no-extra-padding&#8221; column_padding_tablet=&#8221;inherit&#8221; column_padding_phone=&#8221;inherit&#8221; column_padding_position=&#8221;all&#8221; column_element_direction_desktop=&#8221;default&#8221; column_element_spacing=&#8221;default&#8221; desktop_text_alignment=&#8221;default&#8221; tablet_text_alignment=&#8221;default&#8221; phone_text_alignment=&#8221;default&#8221; background_color_opacity=&#8221;1&#8243; background_hover_color_opacity=&#8221;1&#8243; column_backdrop_filter=&#8221;none&#8221; column_shadow=&#8221;none&#8221; column_border_radius=&#8221;none&#8221; column_link_target=&#8221;_self&#8221; column_position=&#8221;default&#8221; gradient_direction=&#8221;left_to_right&#8221; overlay_strength=&#8221;0.3&#8243; width=&#8221;4\/12&#8243; tablet_width_inherit=&#8221;default&#8221; animation_type=&#8221;default&#8221; bg_image_animation=&#8221;none&#8221; border_type=&#8221;simple&#8221; column_border_width=&#8221;none&#8221; column_border_style=&#8221;solid&#8221;][nectar_btn size=&#8221;jumbo&#8221; button_style=&#8221;regular-tilt&#8221; button_color=&#8221;Accent-Color&#8221; color_override=&#8221;#d40000&#8243; icon_family=&#8221;none&#8221; text=&#8221;Postulez maintenant&#8221; url=&#8221;https:\/\/koreoutdoor.com\/job-application-general-warehouse-worker\/&#8221; margin_right=&#8221;100&#8243;][nectar_btn size=&#8221;jumbo&#8221; button_style=&#8221;regular-tilt&#8221; button_color=&#8221;Accent-Color&#8221; color_override=&#8221;#266eeb&#8221; icon_family=&#8221;none&#8221; text=&#8221;Postulez avec Indeed&#8221; url=&#8221;https:\/\/ca.indeed.com\/cmp\/Kore-Outdoor\/jobs?jk=bd0b09611a737f29&amp;start=0&amp;clearPrefilter=1&#8243;][nectar_btn size=&#8221;jumbo&#8221; button_style=&#8221;regular-tilt&#8221; button_color=&#8221;Accent-Color&#8221; color_override=&#8221;#00874a&#8221; icon_family=&#8221;none&#8221; text=&#8221;Postulez via Jobilico&#8221; url=&#8221;https:\/\/www.jobillico.com\/en\/job-opportunity\/kore-outdoor\/general-worker-compounder\/7782046&#8243;][\/vc_column][\/vc_row]\n","protected":false},"excerpt":{"rendered":"<p>[vc_row type=&#8221;in_container&#8221; full_screen_row_position=&#8221;middle&#8221; column_margin=&#8221;default&#8221; column_direction=&#8221;default&#8221; column_direction_tablet=&#8221;default&#8221; column_direction_phone=&#8221;column_reverse&#8221; scene_position=&#8221;center&#8221; text_color=&#8221;dark&#8221; text_align=&#8221;left&#8221; row_border_radius=&#8221;none&#8221; row_border_radius_applies=&#8221;bg&#8221; overflow=&#8221;visible&#8221; overlay_strength=&#8221;0.3&#8243; gradient_direction=&#8221;left_to_right&#8221; shape_divider_position=&#8221;bottom&#8221; bg_image_animation=&#8221;none&#8221; shape_type=&#8221;&#8221;][vc_column column_padding=&#8221;no-extra-padding&#8221; column_padding_tablet=&#8221;inherit&#8221; column_padding_phone=&#8221;inherit&#8221; column_padding_position=&#8221;all&#8221; column_element_direction_desktop=&#8221;default&#8221; column_element_spacing=&#8221;default&#8221; desktop_text_alignment=&#8221;default&#8221; tablet_text_alignment=&#8221;default&#8221; phone_text_alignment=&#8221;default&#8221; background_color_opacity=&#8221;1&#8243; background_hover_color_opacity=&#8221;1&#8243; column_backdrop_filter=&#8221;none&#8221;&#8230;<\/p>\n","protected":false},"author":1,"featured_media":0,"parent":0,"menu_order":0,"comment_status":"closed","ping_status":"closed","template":"","meta":{"footnotes":""},"class_list":["post-909","page","type-page","status-publish"],"yoast_head":"<!-- This site is optimized with the Yoast SEO plugin v27.0 - https:\/\/yoast.com\/product\/yoast-seo-wordpress\/ -->\n<title>Pr\u00e9pos\u00e9 \u00e0 la Fabrication - Usine de Fabrication - Kore Outdoor<\/title>\n<meta name=\"robots\" content=\"index, follow, max-snippet:-1, max-image-preview:large, max-video-preview:-1\" \/>\n<link rel=\"canonical\" href=\"https:\/\/koreoutdoor.com\/fr\/ouvrier-dentrepot-general\/\" \/>\n<meta property=\"og:locale\" content=\"fr_FR\" \/>\n<meta property=\"og:type\" content=\"article\" \/>\n<meta property=\"og:title\" content=\"Pr\u00e9pos\u00e9 \u00e0 la Fabrication - Usine de Fabrication - Kore Outdoor\" \/>\n<meta property=\"og:description\" content=\"[vc_row type=&#8221;in_container&#8221; full_screen_row_position=&#8221;middle&#8221; column_margin=&#8221;default&#8221; column_direction=&#8221;default&#8221; column_direction_tablet=&#8221;default&#8221; column_direction_phone=&#8221;column_reverse&#8221; scene_position=&#8221;center&#8221; text_color=&#8221;dark&#8221; text_align=&#8221;left&#8221; row_border_radius=&#8221;none&#8221; row_border_radius_applies=&#8221;bg&#8221; overflow=&#8221;visible&#8221; overlay_strength=&#8221;0.3&#8243; gradient_direction=&#8221;left_to_right&#8221; shape_divider_position=&#8221;bottom&#8221; bg_image_animation=&#8221;none&#8221; shape_type=&#8221;&#8221;][vc_column column_padding=&#8221;no-extra-padding&#8221; column_padding_tablet=&#8221;inherit&#8221; column_padding_phone=&#8221;inherit&#8221; column_padding_position=&#8221;all&#8221; column_element_direction_desktop=&#8221;default&#8221; column_element_spacing=&#8221;default&#8221; desktop_text_alignment=&#8221;default&#8221; tablet_text_alignment=&#8221;default&#8221; phone_text_alignment=&#8221;default&#8221; background_color_opacity=&#8221;1&#8243; background_hover_color_opacity=&#8221;1&#8243; column_backdrop_filter=&#8221;none&#8221;...\" \/>\n<meta property=\"og:url\" content=\"https:\/\/koreoutdoor.com\/fr\/ouvrier-dentrepot-general\/\" \/>\n<meta property=\"og:site_name\" content=\"Kore Outdoor\" \/>\n<meta property=\"article:modified_time\" content=\"2023-08-21T20:04:08+00:00\" \/>\n<meta name=\"twitter:card\" content=\"summary_large_image\" \/>\n<meta name=\"twitter:label1\" content=\"Dur\u00e9e de lecture estim\u00e9e\" \/>\n\t<meta name=\"twitter:data1\" content=\"4 minutes\" \/>\n<script type=\"application\/ld+json\" class=\"yoast-schema-graph\">{\"@context\":\"https:\/\/schema.org\",\"@graph\":[{\"@type\":\"WebPage\",\"@id\":\"https:\/\/koreoutdoor.com\/fr\/ouvrier-dentrepot-general\/\",\"url\":\"https:\/\/koreoutdoor.com\/fr\/ouvrier-dentrepot-general\/\",\"name\":\"Pr\u00e9pos\u00e9 \u00e0 la Fabrication - Usine de Fabrication - Kore Outdoor\",\"isPartOf\":{\"@id\":\"https:\/\/koreoutdoor.com\/fr\/#website\"},\"datePublished\":\"2021-09-15T19:19:17+00:00\",\"dateModified\":\"2023-08-21T20:04:08+00:00\",\"breadcrumb\":{\"@id\":\"https:\/\/koreoutdoor.com\/fr\/ouvrier-dentrepot-general\/#breadcrumb\"},\"inLanguage\":\"fr-FR\",\"potentialAction\":[{\"@type\":\"ReadAction\",\"target\":[\"https:\/\/koreoutdoor.com\/fr\/ouvrier-dentrepot-general\/\"]}]},{\"@type\":\"BreadcrumbList\",\"@id\":\"https:\/\/koreoutdoor.com\/fr\/ouvrier-dentrepot-general\/#breadcrumb\",\"itemListElement\":[{\"@type\":\"ListItem\",\"position\":1,\"name\":\"Home\",\"item\":\"https:\/\/koreoutdoor.com\/fr\/\"},{\"@type\":\"ListItem\",\"position\":2,\"name\":\"Pr\u00e9pos\u00e9 \u00e0 la Fabrication &#8211; Usine de Fabrication\"}]},{\"@type\":\"WebSite\",\"@id\":\"https:\/\/koreoutdoor.com\/fr\/#website\",\"url\":\"https:\/\/koreoutdoor.com\/fr\/\",\"name\":\"Kore Outdoor\",\"description\":\"Global Leader in manufacturing\",\"potentialAction\":[{\"@type\":\"SearchAction\",\"target\":{\"@type\":\"EntryPoint\",\"urlTemplate\":\"https:\/\/koreoutdoor.com\/fr\/?s={search_term_string}\"},\"query-input\":{\"@type\":\"PropertyValueSpecification\",\"valueRequired\":true,\"valueName\":\"search_term_string\"}}],\"inLanguage\":\"fr-FR\"}]}<\/script>\n<!-- \/ Yoast SEO plugin. -->","yoast_head_json":{"title":"Pr\u00e9pos\u00e9 \u00e0 la Fabrication - Usine de Fabrication - Kore Outdoor","robots":{"index":"index","follow":"follow","max-snippet":"max-snippet:-1","max-image-preview":"max-image-preview:large","max-video-preview":"max-video-preview:-1"},"canonical":"https:\/\/koreoutdoor.com\/fr\/ouvrier-dentrepot-general\/","og_locale":"fr_FR","og_type":"article","og_title":"Pr\u00e9pos\u00e9 \u00e0 la Fabrication - Usine de Fabrication - Kore Outdoor","og_description":"[vc_row type=&#8221;in_container&#8221; full_screen_row_position=&#8221;middle&#8221; column_margin=&#8221;default&#8221; column_direction=&#8221;default&#8221; column_direction_tablet=&#8221;default&#8221; column_direction_phone=&#8221;column_reverse&#8221; scene_position=&#8221;center&#8221; text_color=&#8221;dark&#8221; text_align=&#8221;left&#8221; row_border_radius=&#8221;none&#8221; row_border_radius_applies=&#8221;bg&#8221; overflow=&#8221;visible&#8221; overlay_strength=&#8221;0.3&#8243; gradient_direction=&#8221;left_to_right&#8221; shape_divider_position=&#8221;bottom&#8221; bg_image_animation=&#8221;none&#8221; shape_type=&#8221;&#8221;][vc_column column_padding=&#8221;no-extra-padding&#8221; column_padding_tablet=&#8221;inherit&#8221; column_padding_phone=&#8221;inherit&#8221; column_padding_position=&#8221;all&#8221; column_element_direction_desktop=&#8221;default&#8221; column_element_spacing=&#8221;default&#8221; desktop_text_alignment=&#8221;default&#8221; tablet_text_alignment=&#8221;default&#8221; phone_text_alignment=&#8221;default&#8221; background_color_opacity=&#8221;1&#8243; background_hover_color_opacity=&#8221;1&#8243; column_backdrop_filter=&#8221;none&#8221;...","og_url":"https:\/\/koreoutdoor.com\/fr\/ouvrier-dentrepot-general\/","og_site_name":"Kore Outdoor","article_modified_time":"2023-08-21T20:04:08+00:00","twitter_card":"summary_large_image","twitter_misc":{"Dur\u00e9e de lecture estim\u00e9e":"4 minutes"},"schema":{"@context":"https:\/\/schema.org","@graph":[{"@type":"WebPage","@id":"https:\/\/koreoutdoor.com\/fr\/ouvrier-dentrepot-general\/","url":"https:\/\/koreoutdoor.com\/fr\/ouvrier-dentrepot-general\/","name":"Pr\u00e9pos\u00e9 \u00e0 la Fabrication - Usine de Fabrication - Kore Outdoor","isPartOf":{"@id":"https:\/\/koreoutdoor.com\/fr\/#website"},"datePublished":"2021-09-15T19:19:17+00:00","dateModified":"2023-08-21T20:04:08+00:00","breadcrumb":{"@id":"https:\/\/koreoutdoor.com\/fr\/ouvrier-dentrepot-general\/#breadcrumb"},"inLanguage":"fr-FR","potentialAction":[{"@type":"ReadAction","target":["https:\/\/koreoutdoor.com\/fr\/ouvrier-dentrepot-general\/"]}]},{"@type":"BreadcrumbList","@id":"https:\/\/koreoutdoor.com\/fr\/ouvrier-dentrepot-general\/#breadcrumb","itemListElement":[{"@type":"ListItem","position":1,"name":"Home","item":"https:\/\/koreoutdoor.com\/fr\/"},{"@type":"ListItem","position":2,"name":"Pr\u00e9pos\u00e9 \u00e0 la Fabrication &#8211; Usine de Fabrication"}]},{"@type":"WebSite","@id":"https:\/\/koreoutdoor.com\/fr\/#website","url":"https:\/\/koreoutdoor.com\/fr\/","name":"Kore Outdoor","description":"Global Leader in manufacturing","potentialAction":[{"@type":"SearchAction","target":{"@type":"EntryPoint","urlTemplate":"https:\/\/koreoutdoor.com\/fr\/?s={search_term_string}"},"query-input":{"@type":"PropertyValueSpecification","valueRequired":true,"valueName":"search_term_string"}}],"inLanguage":"fr-FR"}]}},"_links":{"self":[{"href":"https:\/\/koreoutdoor.com\/fr\/wp-json\/wp\/v2\/pages\/909","targetHints":{"allow":["GET"]}}],"collection":[{"href":"https:\/\/koreoutdoor.com\/fr\/wp-json\/wp\/v2\/pages"}],"about":[{"href":"https:\/\/koreoutdoor.com\/fr\/wp-json\/wp\/v2\/types\/page"}],"author":[{"embeddable":true,"href":"https:\/\/koreoutdoor.com\/fr\/wp-json\/wp\/v2\/users\/1"}],"replies":[{"embeddable":true,"href":"https:\/\/koreoutdoor.com\/fr\/wp-json\/wp\/v2\/comments?post=909"}],"version-history":[{"count":0,"href":"https:\/\/koreoutdoor.com\/fr\/wp-json\/wp\/v2\/pages\/909\/revisions"}],"wp:attachment":[{"href":"https:\/\/koreoutdoor.com\/fr\/wp-json\/wp\/v2\/media?parent=909"}],"curies":[{"name":"wp","href":"https:\/\/api.w.org\/{rel}","templated":true}]}}